{"id":1764,"date":"2025-11-03T11:58:04","date_gmt":"2025-11-03T10:58:04","guid":{"rendered":"https:\/\/www.truckparkliege.be\/?page_id=1764"},"modified":"2026-02-13T17:16:59","modified_gmt":"2026-02-13T16:16:59","slug":"reglement-dordre-interieur","status":"publish","type":"page","link":"https:\/\/www.truckparkliege.be\/en\/reglement-dordre-interieur\/","title":{"rendered":"R\u00e8glement d&rsquo;ordre int\u00e9rieur"},"content":{"rendered":"<div data-elementor-type=\"wp-page\" data-elementor-id=\"1764\" class=\"elementor elementor-1764\" data-elementor-post-type=\"page\">\n\t\t\t\t<div class=\"elementor-element elementor-element-bbba8b5 e-flex e-con-boxed e-con e-parent\" data-id=\"bbba8b5\" data-element_type=\"container\" data-e-type=\"container\" data-settings=\"{&quot;background_background&quot;:&quot;video&quot;,&quot;background_video_link&quot;:&quot;http:\\\/\\\/www.truckpark.be\\\/wp-content\\\/uploads\\\/2024\\\/08\\\/5171156-uhd_3840_2160_30fps_1.webm&quot;,&quot;background_play_on_mobile&quot;:&quot;yes&quot;}\">\n\t\t\t\t\t<div class=\"e-con-inner\">\n\t\t<div class=\"elementor-background-video-container\">\n\t\t\t\t\t\t\t<video class=\"elementor-background-video-hosted\" role=\"presentation\" autoplay muted playsinline loop><\/video>\n\t\t\t\t\t<\/div><div class=\"elementor-element elementor-element-a8c44be e-con-full e-flex e-con e-child\" data-id=\"a8c44be\" data-element_type=\"container\" data-e-type=\"container\">\n\t\t\t\t<div class=\"elementor-element elementor-element-39ea76b elementor-widget elementor-widget-heading\" data-id=\"39ea76b\" data-element_type=\"widget\" data-e-type=\"widget\" data-widget_type=\"heading.default\">\n\t\t\t\t<div class=\"elementor-widget-container\">\n\t\t\t\t\t<h2 class=\"elementor-heading-title elementor-size-default\">House rules \/ General Terms and Conditions  <\/h2>\t\t\t\t<\/div>\n\t\t\t\t<\/div>\n\t\t\t\t<\/div>\n\t\t\t\t\t<\/div>\n\t\t\t\t<\/div>\n\t\t<div class=\"elementor-element elementor-element-a13efea e-flex e-con-boxed e-con e-parent\" data-id=\"a13efea\" data-element_type=\"container\" data-e-type=\"container\" data-settings=\"{&quot;background_background&quot;:&quot;classic&quot;}\">\n\t\t\t\t\t<div class=\"e-con-inner\">\n\t\t<div class=\"elementor-element elementor-element-f751ec6 e-con-full e-flex e-con e-child\" data-id=\"f751ec6\" data-element_type=\"container\" data-e-type=\"container\">\n\t\t\t\t<div class=\"elementor-element elementor-element-96d7314 elementor-icon-list--layout-traditional elementor-list-item-link-full_width elementor-widget elementor-widget-icon-list\" data-id=\"96d7314\" data-element_type=\"widget\" data-e-type=\"widget\" data-widget_type=\"icon-list.default\">\n\t\t\t\t<div class=\"elementor-widget-container\">\n\t\t\t\t\t\t\t<ul class=\"elementor-icon-list-items\">\n\t\t\t\t\t\t\t<li class=\"elementor-icon-list-item\">\n\t\t\t\t\t\t\t\t\t\t\t<a href=\"https:\/\/www.truckparkliege.be\/wp-content\/uploads\/2025\/11\/REGLEMENT_EXPLOITATION_VERSION_2_REVISION_AR_03150890-1.pdf\" target=\"_blank\">\n\n\t\t\t\t\t\t\t\t\t\t\t<span class=\"elementor-icon-list-text\">\ud83c\uddeb\ud83c\uddf7 French version<\/span>\n\t\t\t\t\t\t\t\t\t\t\t<\/a>\n\t\t\t\t\t\t\t\t\t<\/li>\n\t\t\t\t\t\t\t\t<li class=\"elementor-icon-list-item\">\n\t\t\t\t\t\t\t\t\t\t\t<a href=\"https:\/\/www.truckparkliege.be\/wp-content\/uploads\/2025\/11\/Reglement-Truck-Park-Liege-en-anglais.pdf\" target=\"_blank\">\n\n\t\t\t\t\t\t\t\t\t\t\t<span class=\"elementor-icon-list-text\">\ud83c\uddec\ud83c\udde7 English version<\/span>\n\t\t\t\t\t\t\t\t\t\t\t<\/a>\n\t\t\t\t\t\t\t\t\t<\/li>\n\t\t\t\t\t\t\t\t<li class=\"elementor-icon-list-item\">\n\t\t\t\t\t\t\t\t\t\t\t<a href=\"https:\/\/www.truckparkliege.be\/wp-content\/uploads\/2025\/11\/Reglement-Truck-Park-Liege-en-Allemand.pdf\" target=\"_blank\">\n\n\t\t\t\t\t\t\t\t\t\t\t<span class=\"elementor-icon-list-text\">\ud83c\udde9\ud83c\uddea German version<\/span>\n\t\t\t\t\t\t\t\t\t\t\t<\/a>\n\t\t\t\t\t\t\t\t\t<\/li>\n\t\t\t\t\t\t\t\t<li class=\"elementor-icon-list-item\">\n\t\t\t\t\t\t\t\t\t\t\t<a href=\"https:\/\/www.truckparkliege.be\/wp-content\/uploads\/2025\/11\/Reglement-Truck-Park-Liege-en-Polonais.pdf\" target=\"_blank\">\n\n\t\t\t\t\t\t\t\t\t\t\t<span class=\"elementor-icon-list-text\">\ud83c\uddf5\ud83c\uddf1 Polish version<\/span>\n\t\t\t\t\t\t\t\t\t\t\t<\/a>\n\t\t\t\t\t\t\t\t\t<\/li>\n\t\t\t\t\t\t\t\t<li class=\"elementor-icon-list-item\">\n\t\t\t\t\t\t\t\t\t\t\t<a href=\"https:\/\/www.truckparkliege.be\/wp-content\/uploads\/2025\/11\/Reglement-Truck-Park-Liege-en-Hongrois.pdf\" target=\"_blank\">\n\n\t\t\t\t\t\t\t\t\t\t\t<span class=\"elementor-icon-list-text\">\ud83c\udded\ud83c\uddfa Hungarian version<\/span>\n\t\t\t\t\t\t\t\t\t\t\t<\/a>\n\t\t\t\t\t\t\t\t\t<\/li>\n\t\t\t\t\t\t\t\t<li class=\"elementor-icon-list-item\">\n\t\t\t\t\t\t\t\t\t\t\t<a href=\"https:\/\/www.truckparkliege.be\/wp-content\/uploads\/2025\/11\/Reglement-Truck-Park-Liege-en-Lituanien.pdf\" target=\"_blank\">\n\n\t\t\t\t\t\t\t\t\t\t\t<span class=\"elementor-icon-list-text\">\ud83c\uddf1\ud83c\uddf9 Lithuanian version<\/span>\n\t\t\t\t\t\t\t\t\t\t\t<\/a>\n\t\t\t\t\t\t\t\t\t<\/li>\n\t\t\t\t\t\t\t\t<li class=\"elementor-icon-list-item\">\n\t\t\t\t\t\t\t\t\t\t\t<a href=\"https:\/\/www.truckparkliege.be\/wp-content\/uploads\/2025\/11\/Reglement-Truck-Park-Liege-en-Roumain.pdf\" target=\"_blank\">\n\n\t\t\t\t\t\t\t\t\t\t\t<span class=\"elementor-icon-list-text\">\ud83c\uddf7\ud83c\uddf4 Romanian version<\/span>\n\t\t\t\t\t\t\t\t\t\t\t<\/a>\n\t\t\t\t\t\t\t\t\t<\/li>\n\t\t\t\t\t\t<\/ul>\n\t\t\t\t\t\t<\/div>\n\t\t\t\t<\/div>\n\t\t\t\t<\/div>\n\t\t\t\t\t<\/div>\n\t\t\t\t<\/div>\n\t\t\t\t<\/div>","protected":false},"excerpt":{"rendered":"<p>R\u00e8glement d&rsquo;ordre int\u00e9rieur \/ Conditions G\u00e9n\u00e9rales \ud83c\uddeb\ud83c\uddf7 French version \ud83c\uddec\ud83c\udde7 English version \ud83c\udde9\ud83c\uddea German version \ud83c\uddf5\ud83c\uddf1 Polish version \ud83c\udded\ud83c\uddfa Hungarian version \ud83c\uddf1\ud83c\uddf9 Lithuanian version \ud83c\uddf7\ud83c\uddf4 Romanian version<\/p>","protected":false},"author":3,"featured_media":0,"parent":0,"menu_order":0,"comment_status":"closed","ping_status":"closed","template":"","meta":{"footnotes":""},"class_list":["post-1764","page","type-page","status-publish","hentry"],"yoast_head":"<!-- This site is optimized with the Yoast SEO plugin v27.0 - https:\/\/yoast.com\/product\/yoast-seo-wordpress\/ -->\n<title>R\u00e8glement d&#039;ordre int\u00e9rieur - Li\u00e8ge - Truck Park<\/title>\n<meta name=\"robots\" content=\"index, follow, max-snippet:-1, max-image-preview:large, max-video-preview:-1\" \/>\n<link rel=\"canonical\" href=\"https:\/\/www.truckparkliege.be\/en\/reglement-dordre-interieur\/\" \/>\n<meta property=\"og:locale\" content=\"en_GB\" \/>\n<meta property=\"og:type\" content=\"article\" \/>\n<meta property=\"og:title\" content=\"R\u00e8glement d&#039;ordre int\u00e9rieur - Li\u00e8ge - Truck Park\" \/>\n<meta property=\"og:description\" content=\"R\u00e8glement d&rsquo;ordre int\u00e9rieur \/ Conditions G\u00e9n\u00e9rales \ud83c\uddeb\ud83c\uddf7 French version \ud83c\uddec\ud83c\udde7 English version \ud83c\udde9\ud83c\uddea German version \ud83c\uddf5\ud83c\uddf1 Polish version \ud83c\udded\ud83c\uddfa Hungarian version \ud83c\uddf1\ud83c\uddf9 Lithuanian version \ud83c\uddf7\ud83c\uddf4 Romanian version\" \/>\n<meta property=\"og:url\" content=\"https:\/\/www.truckparkliege.be\/en\/reglement-dordre-interieur\/\" \/>\n<meta property=\"og:site_name\" content=\"Li\u00e8ge - Truck Park\" \/>\n<meta property=\"article:modified_time\" content=\"2026-02-13T16:16:59+00:00\" \/>\n<meta name=\"twitter:card\" content=\"summary_large_image\" \/>\n<meta name=\"twitter:label1\" content=\"Estimated reading time\" \/>\n\t<meta name=\"twitter:data1\" content=\"2 minutes\" \/>\n<script type=\"application\/ld+json\" class=\"yoast-schema-graph\">{\"@context\":\"https:\/\/schema.org\",\"@graph\":[{\"@type\":\"WebPage\",\"@id\":\"https:\/\/www.truckparkliege.be\/reglement-dordre-interieur\/\",\"url\":\"https:\/\/www.truckparkliege.be\/reglement-dordre-interieur\/\",\"name\":\"R\u00e8glement d'ordre int\u00e9rieur - Li\u00e8ge - Truck Park\",\"isPartOf\":{\"@id\":\"https:\/\/www.truckparkliege.be\/#website\"},\"datePublished\":\"2025-11-03T10:58:04+00:00\",\"dateModified\":\"2026-02-13T16:16:59+00:00\",\"breadcrumb\":{\"@id\":\"https:\/\/www.truckparkliege.be\/reglement-dordre-interieur\/#breadcrumb\"},\"inLanguage\":\"en-GB\",\"potentialAction\":[{\"@type\":\"ReadAction\",\"target\":[\"https:\/\/www.truckparkliege.be\/reglement-dordre-interieur\/\"]}]},{\"@type\":\"BreadcrumbList\",\"@id\":\"https:\/\/www.truckparkliege.be\/reglement-dordre-interieur\/#breadcrumb\",\"itemListElement\":[{\"@type\":\"ListItem\",\"position\":1,\"name\":\"Accueil\",\"item\":\"https:\/\/www.truckparkliege.be\/\"},{\"@type\":\"ListItem\",\"position\":2,\"name\":\"R\u00e8glement d&rsquo;ordre int\u00e9rieur\"}]},{\"@type\":\"WebSite\",\"@id\":\"https:\/\/www.truckparkliege.be\/#website\",\"url\":\"https:\/\/www.truckparkliege.be\/\",\"name\":\"Li\u00e8ge - Truck Park\",\"description\":\"Truck park Li\u00e8ge\",\"publisher\":{\"@id\":\"https:\/\/www.truckparkliege.be\/#organization\"},\"potentialAction\":[{\"@type\":\"SearchAction\",\"target\":{\"@type\":\"EntryPoint\",\"urlTemplate\":\"https:\/\/www.truckparkliege.be\/?s={search_term_string}\"},\"query-input\":{\"@type\":\"PropertyValueSpecification\",\"valueRequired\":true,\"valueName\":\"search_term_string\"}}],\"inLanguage\":\"en-GB\"},{\"@type\":\"Organization\",\"@id\":\"https:\/\/www.truckparkliege.be\/#organization\",\"name\":\"Li\u00e8ge - Truck Park\",\"url\":\"https:\/\/www.truckparkliege.be\/\",\"logo\":{\"@type\":\"ImageObject\",\"inLanguage\":\"en-GB\",\"@id\":\"https:\/\/www.truckparkliege.be\/#\/schema\/logo\/image\/\",\"url\":\"https:\/\/www.truckparkliege.be\/wp-content\/uploads\/2024\/08\/Hesbymazout_white_.svg\",\"contentUrl\":\"https:\/\/www.truckparkliege.be\/wp-content\/uploads\/2024\/08\/Hesbymazout_white_.svg\",\"width\":113,\"height\":63,\"caption\":\"Li\u00e8ge - Truck Park\"},\"image\":{\"@id\":\"https:\/\/www.truckparkliege.be\/#\/schema\/logo\/image\/\"}}]}<\/script>\n<!-- \/ Yoast SEO plugin. -->","yoast_head_json":{"title":"R\u00e8glement d'ordre int\u00e9rieur - Li\u00e8ge - Truck Park","robots":{"index":"index","follow":"follow","max-snippet":"max-snippet:-1","max-image-preview":"max-image-preview:large","max-video-preview":"max-video-preview:-1"},"canonical":"https:\/\/www.truckparkliege.be\/en\/reglement-dordre-interieur\/","og_locale":"en_GB","og_type":"article","og_title":"R\u00e8glement d'ordre int\u00e9rieur - Li\u00e8ge - Truck Park","og_description":"R\u00e8glement d&rsquo;ordre int\u00e9rieur \/ Conditions G\u00e9n\u00e9rales \ud83c\uddeb\ud83c\uddf7 French version \ud83c\uddec\ud83c\udde7 English version \ud83c\udde9\ud83c\uddea German version \ud83c\uddf5\ud83c\uddf1 Polish version \ud83c\udded\ud83c\uddfa Hungarian version \ud83c\uddf1\ud83c\uddf9 Lithuanian version \ud83c\uddf7\ud83c\uddf4 Romanian version","og_url":"https:\/\/www.truckparkliege.be\/en\/reglement-dordre-interieur\/","og_site_name":"Li\u00e8ge - Truck Park","article_modified_time":"2026-02-13T16:16:59+00:00","twitter_card":"summary_large_image","twitter_misc":{"Estimated reading time":"2 minutes"},"schema":{"@context":"https:\/\/schema.org","@graph":[{"@type":"WebPage","@id":"https:\/\/www.truckparkliege.be\/reglement-dordre-interieur\/","url":"https:\/\/www.truckparkliege.be\/reglement-dordre-interieur\/","name":"R\u00e8glement d'ordre int\u00e9rieur - Li\u00e8ge - Truck Park","isPartOf":{"@id":"https:\/\/www.truckparkliege.be\/#website"},"datePublished":"2025-11-03T10:58:04+00:00","dateModified":"2026-02-13T16:16:59+00:00","breadcrumb":{"@id":"https:\/\/www.truckparkliege.be\/reglement-dordre-interieur\/#breadcrumb"},"inLanguage":"en-GB","potentialAction":[{"@type":"ReadAction","target":["https:\/\/www.truckparkliege.be\/reglement-dordre-interieur\/"]}]},{"@type":"BreadcrumbList","@id":"https:\/\/www.truckparkliege.be\/reglement-dordre-interieur\/#breadcrumb","itemListElement":[{"@type":"ListItem","position":1,"name":"Accueil","item":"https:\/\/www.truckparkliege.be\/"},{"@type":"ListItem","position":2,"name":"R\u00e8glement d&rsquo;ordre int\u00e9rieur"}]},{"@type":"WebSite","@id":"https:\/\/www.truckparkliege.be\/#website","url":"https:\/\/www.truckparkliege.be\/","name":"Li\u00e8ge - Truck Park","description":"Truck park Li\u00e8ge","publisher":{"@id":"https:\/\/www.truckparkliege.be\/#organization"},"potentialAction":[{"@type":"SearchAction","target":{"@type":"EntryPoint","urlTemplate":"https:\/\/www.truckparkliege.be\/?s={search_term_string}"},"query-input":{"@type":"PropertyValueSpecification","valueRequired":true,"valueName":"search_term_string"}}],"inLanguage":"en-GB"},{"@type":"Organization","@id":"https:\/\/www.truckparkliege.be\/#organization","name":"Li\u00e8ge - Truck Park","url":"https:\/\/www.truckparkliege.be\/","logo":{"@type":"ImageObject","inLanguage":"en-GB","@id":"https:\/\/www.truckparkliege.be\/#\/schema\/logo\/image\/","url":"https:\/\/www.truckparkliege.be\/wp-content\/uploads\/2024\/08\/Hesbymazout_white_.svg","contentUrl":"https:\/\/www.truckparkliege.be\/wp-content\/uploads\/2024\/08\/Hesbymazout_white_.svg","width":113,"height":63,"caption":"Li\u00e8ge - Truck Park"},"image":{"@id":"https:\/\/www.truckparkliege.be\/#\/schema\/logo\/image\/"}}]}},"_links":{"self":[{"href":"https:\/\/www.truckparkliege.be\/en\/wp-json\/wp\/v2\/pages\/1764","targetHints":{"allow":["GET"]}}],"collection":[{"href":"https:\/\/www.truckparkliege.be\/en\/wp-json\/wp\/v2\/pages"}],"about":[{"href":"https:\/\/www.truckparkliege.be\/en\/wp-json\/wp\/v2\/types\/page"}],"author":[{"embeddable":true,"href":"https:\/\/www.truckparkliege.be\/en\/wp-json\/wp\/v2\/users\/3"}],"replies":[{"embeddable":true,"href":"https:\/\/www.truckparkliege.be\/en\/wp-json\/wp\/v2\/comments?post=1764"}],"version-history":[{"count":37,"href":"https:\/\/www.truckparkliege.be\/en\/wp-json\/wp\/v2\/pages\/1764\/revisions"}],"predecessor-version":[{"id":1945,"href":"https:\/\/www.truckparkliege.be\/en\/wp-json\/wp\/v2\/pages\/1764\/revisions\/1945"}],"wp:attachment":[{"href":"https:\/\/www.truckparkliege.be\/en\/wp-json\/wp\/v2\/media?parent=1764"}],"curies":[{"name":"wp","href":"https:\/\/api.w.org\/{rel}","templated":true}]}}